{"id":2818,"date":"2021-03-25T20:13:25","date_gmt":"2021-03-25T20:13:25","guid":{"rendered":"https:\/\/unadp.ac.pa\/?page_id=2818"},"modified":"2021-06-26T17:36:23","modified_gmt":"2021-06-26T22:36:23","slug":"acreditacion","status":"publish","type":"page","link":"https:\/\/unadp.ac.pa\/?page_id=2818","title":{"rendered":"Acreditaci\u00f3n"},"content":{"rendered":"\t\t<div data-elementor-type=\"wp-page\" data-elementor-id=\"2818\" class=\"elementor elementor-2818\">\n\t\t\t\t\t\t<section class=\"elementor-section elementor-top-section elementor-element elementor-element-1891211 elementor-section-boxed elementor-section-height-default elementor-section-height-default\" data-id=\"1891211\" data-element_type=\"section\">\n\t\t\t\t\t\t<div class=\"elementor-container elementor-column-gap-default\">\n\t\t\t\t\t<div class=\"elementor-column elementor-col-100 elementor-top-column elementor-element elementor-element-881e883\" data-id=\"881e883\" data-element_type=\"column\">\n\t\t\t<div class=\"elementor-widget-wrap\">\n\t\t\t\t\t\t\t<\/div>\n\t\t<\/div>\n\t\t\t\t\t<\/div>\n\t\t<\/section>\n\t\t\t\t<section class=\"elementor-section elementor-top-section elementor-element elementor-element-f4eb737 elementor-section-boxed elementor-section-height-default elementor-section-height-default\" data-id=\"f4eb737\" data-element_type=\"section\">\n\t\t\t\t\t\t<div class=\"elementor-container elementor-column-gap-default\">\n\t\t\t\t\t<div class=\"elementor-column elementor-col-100 elementor-top-column elementor-element elementor-element-89358fe\" data-id=\"89358fe\" data-element_type=\"column\">\n\t\t\t<div class=\"elementor-widget-wrap elementor-element-populated\">\n\t\t\t\t\t\t<div class=\"elementor-element elementor-element-3571628 elementor-widget elementor-widget-spacer\" data-id=\"3571628\" data-element_type=\"widget\" data-widget_type=\"spacer.default\">\n\t\t\t\t<div class=\"elementor-widget-container\">\n\t\t\t\t\t<div class=\"elementor-spacer\">\n\t\t\t<div class=\"elementor-spacer-inner\"><\/div>\n\t\t<\/div>\n\t\t\t\t<\/div>\n\t\t\t\t<\/div>\n\t\t\t\t<div class=\"elementor-element elementor-element-27cc279 elementor-widget elementor-widget-spacer\" data-id=\"27cc279\" data-element_type=\"widget\" data-widget_type=\"spacer.default\">\n\t\t\t\t<div class=\"elementor-widget-container\">\n\t\t\t\t\t<div class=\"elementor-spacer\">\n\t\t\t<div class=\"elementor-spacer-inner\"><\/div>\n\t\t<\/div>\n\t\t\t\t<\/div>\n\t\t\t\t<\/div>\n\t\t\t\t<div class=\"elementor-element elementor-element-eeaac52 elementor-widget elementor-widget-spacer\" data-id=\"eeaac52\" data-element_type=\"widget\" data-widget_type=\"spacer.default\">\n\t\t\t\t<div class=\"elementor-widget-container\">\n\t\t\t\t\t<div class=\"elementor-spacer\">\n\t\t\t<div class=\"elementor-spacer-inner\"><\/div>\n\t\t<\/div>\n\t\t\t\t<\/div>\n\t\t\t\t<\/div>\n\t\t\t\t<div class=\"elementor-element elementor-element-e8b67db elementor-widget elementor-widget-heading\" data-id=\"e8b67db\" data-element_type=\"widget\" data-widget_type=\"heading.default\">\n\t\t\t\t<div class=\"elementor-widget-container\">\n\t\t\t<h2 class=\"elementor-heading-title elementor-size-default\">Acreditaci\u00f3n<\/h2>\t\t<\/div>\n\t\t\t\t<\/div>\n\t\t\t\t\t<\/div>\n\t\t<\/div>\n\t\t\t\t\t<\/div>\n\t\t<\/section>\n\t\t\t\t<section class=\"elementor-section elementor-top-section elementor-element elementor-element-479d918 elementor-section-boxed elementor-section-height-default elementor-section-height-default\" data-id=\"479d918\" data-element_type=\"section\">\n\t\t\t\t\t\t<div class=\"elementor-container elementor-column-gap-default\">\n\t\t\t\t\t<div class=\"elementor-column elementor-col-50 elementor-top-column elementor-element elementor-element-221de93\" data-id=\"221de93\" data-element_type=\"column\">\n\t\t\t<div class=\"elementor-widget-wrap elementor-element-populated\">\n\t\t\t\t\t\t<div class=\"elementor-element elementor-element-1b6bb0a elementor-widget elementor-widget-image\" data-id=\"1b6bb0a\" data-element_type=\"widget\" data-widget_type=\"image.default\">\n\t\t\t\t<div class=\"elementor-widget-container\">\n\t\t\t\t\t\t\t\t\t\t\t\t\t<img fetchpriority=\"high\" decoding=\"async\" width=\"300\" height=\"297\" src=\"https:\/\/unadp.ac.pa\/wp-content\/uploads\/2021\/03\/4-300x297.png\" class=\"attachment-medium size-medium wp-image-2564\" alt=\"\" srcset=\"https:\/\/unadp.ac.pa\/wp-content\/uploads\/2021\/03\/4-300x297.png 300w, https:\/\/unadp.ac.pa\/wp-content\/uploads\/2021\/03\/4-100x100.png 100w, https:\/\/unadp.ac.pa\/wp-content\/uploads\/2021\/03\/4-600x594.png 600w, https:\/\/unadp.ac.pa\/wp-content\/uploads\/2021\/03\/4-150x150.png 150w, https:\/\/unadp.ac.pa\/wp-content\/uploads\/2021\/03\/4-768x760.png 768w, https:\/\/unadp.ac.pa\/wp-content\/uploads\/2021\/03\/4.png 1024w\" sizes=\"(max-width: 300px) 100vw, 300px\" \/>\t\t\t\t\t\t\t\t\t\t\t\t\t<\/div>\n\t\t\t\t<\/div>\n\t\t\t\t\t<\/div>\n\t\t<\/div>\n\t\t\t\t<div class=\"elementor-column elementor-col-50 elementor-top-column elementor-element elementor-element-a194ed1\" data-id=\"a194ed1\" data-element_type=\"column\">\n\t\t\t<div class=\"elementor-widget-wrap elementor-element-populated\">\n\t\t\t\t\t\t<div class=\"elementor-element elementor-element-b526922 elementor-widget elementor-widget-image\" data-id=\"b526922\" data-element_type=\"widget\" data-widget_type=\"image.default\">\n\t\t\t\t<div class=\"elementor-widget-container\">\n\t\t\t\t\t\t\t\t\t\t\t\t\t<img decoding=\"async\" width=\"300\" height=\"300\" src=\"https:\/\/unadp.ac.pa\/wp-content\/uploads\/2021\/06\/UNADP-300x300.jpg\" class=\"attachment-medium size-medium wp-image-2836\" alt=\"\" srcset=\"https:\/\/unadp.ac.pa\/wp-content\/uploads\/2021\/06\/UNADP-300x300.jpg 300w, https:\/\/unadp.ac.pa\/wp-content\/uploads\/2021\/06\/UNADP-1024x1024.jpg 1024w, https:\/\/unadp.ac.pa\/wp-content\/uploads\/2021\/06\/UNADP-150x150.jpg 150w, https:\/\/unadp.ac.pa\/wp-content\/uploads\/2021\/06\/UNADP-768x768.jpg 768w, https:\/\/unadp.ac.pa\/wp-content\/uploads\/2021\/06\/UNADP-250x250.jpg 250w, https:\/\/unadp.ac.pa\/wp-content\/uploads\/2021\/06\/UNADP-600x600.jpg 600w, https:\/\/unadp.ac.pa\/wp-content\/uploads\/2021\/06\/UNADP-100x100.jpg 100w, https:\/\/unadp.ac.pa\/wp-content\/uploads\/2021\/06\/UNADP.jpg 1149w\" sizes=\"(max-width: 300px) 100vw, 300px\" \/>\t\t\t\t\t\t\t\t\t\t\t\t\t<\/div>\n\t\t\t\t<\/div>\n\t\t\t\t\t<\/div>\n\t\t<\/div>\n\t\t\t\t\t<\/div>\n\t\t<\/section>\n\t\t\t\t<section class=\"elementor-section elementor-top-section elementor-element elementor-element-72d7e43 elementor-section-boxed elementor-section-height-default elementor-section-height-default\" data-id=\"72d7e43\" data-element_type=\"section\">\n\t\t\t\t\t\t<div class=\"elementor-container elementor-column-gap-default\">\n\t\t\t\t\t<div class=\"elementor-column elementor-col-100 elementor-top-column elementor-element elementor-element-4989504\" data-id=\"4989504\" data-element_type=\"column\">\n\t\t\t<div class=\"elementor-widget-wrap elementor-element-populated\">\n\t\t\t\t\t\t<div class=\"elementor-element elementor-element-b3674de elementor-widget elementor-widget-text-editor\" data-id=\"b3674de\" data-element_type=\"widget\" data-widget_type=\"text-editor.default\">\n\t\t\t\t<div class=\"elementor-widget-container\">\n\t\t\t\t\t\t\t<div class=\"page\" title=\"Page 1\"><div class=\"layoutArea\"><div class=\"column\"><p>La calidad de los servicios educativos que oferta la Universidad Abierta y a Distancia de Panam\u00e1 (UNADP) son autoevaluados a trav\u00e9s de la Unidad T\u00e9cnica de Evaluaci\u00f3n y Calidad (UTEC).<\/p><p>La UTEC Unidad encargada de conducir todo el proceso de autoevaluaci\u00f3n institucional y acad\u00e9mica de la UNADP.<\/p><ul><li>\u00a0Promover y apropiarse de una cultura de evaluaci\u00f3n universitaria.<\/li><li>Afianzar modelos de educaci\u00f3n superior en la Rep\u00fablica de Panam\u00e1.<\/li><li>Vigilar la calidad de la oferta educativa de la UNADP.<\/li><li>Sistematizar y reflexionar sobre todas las acciones ejecutadas por la UNADP.<\/li><li>Rendir cuentas ante la sociedad paname\u00f1a, sobre el desempe\u00f1o de la UNADP.<\/li><\/ul><p>La UNADP fue acreditada mediante la resoluci\u00f3n N\u00b029 del 5 de diciembre de 2012 del Consejo Nacional de Evaluaci\u00f3n y Acreditaci\u00f3n Universitaria de Panam\u00e1.\u00a0<\/p><\/div><\/div><\/div>\t\t\t\t\t\t<\/div>\n\t\t\t\t<\/div>\n\t\t\t\t\t<\/div>\n\t\t<\/div>\n\t\t\t\t\t<\/div>\n\t\t<\/section>\n\t\t\t\t<section class=\"elementor-section elementor-top-section elementor-element elementor-element-abde48a elementor-section-boxed elementor-section-height-default elementor-section-height-default\" data-id=\"abde48a\" data-element_type=\"section\">\n\t\t\t\t\t\t<div class=\"elementor-container elementor-column-gap-default\">\n\t\t\t\t\t<div class=\"elementor-column elementor-col-50 elementor-top-column elementor-element elementor-element-5b838cb\" data-id=\"5b838cb\" data-element_type=\"column\">\n\t\t\t<div class=\"elementor-widget-wrap elementor-element-populated\">\n\t\t\t\t\t\t<div class=\"elementor-element elementor-element-dac4db2 elementor-widget elementor-widget-image\" data-id=\"dac4db2\" data-element_type=\"widget\" data-widget_type=\"image.default\">\n\t\t\t\t<div class=\"elementor-widget-container\">\n\t\t\t\t\t\t\t\t\t\t\t\t\t<img decoding=\"async\" width=\"1024\" height=\"668\" src=\"https:\/\/unadp.ac.pa\/wp-content\/uploads\/2021\/06\/2_DSC0528-1024x668.jpg\" class=\"attachment-large size-large wp-image-3237\" alt=\"\" srcset=\"https:\/\/unadp.ac.pa\/wp-content\/uploads\/2021\/06\/2_DSC0528-1024x668.jpg 1024w, https:\/\/unadp.ac.pa\/wp-content\/uploads\/2021\/06\/2_DSC0528-300x196.jpg 300w, https:\/\/unadp.ac.pa\/wp-content\/uploads\/2021\/06\/2_DSC0528-768x501.jpg 768w, https:\/\/unadp.ac.pa\/wp-content\/uploads\/2021\/06\/2_DSC0528-1536x1002.jpg 1536w, https:\/\/unadp.ac.pa\/wp-content\/uploads\/2021\/06\/2_DSC0528-2048x1335.jpg 2048w, https:\/\/unadp.ac.pa\/wp-content\/uploads\/2021\/06\/2_DSC0528-600x391.jpg 600w\" sizes=\"(max-width: 1024px) 100vw, 1024px\" \/>\t\t\t\t\t\t\t\t\t\t\t\t\t<\/div>\n\t\t\t\t<\/div>\n\t\t\t\t\t<\/div>\n\t\t<\/div>\n\t\t\t\t<div class=\"elementor-column elementor-col-50 elementor-top-column elementor-element elementor-element-943be98\" data-id=\"943be98\" data-element_type=\"column\">\n\t\t\t<div class=\"elementor-widget-wrap elementor-element-populated\">\n\t\t\t\t\t\t<div class=\"elementor-element elementor-element-d23bc98 elementor-widget elementor-widget-image\" data-id=\"d23bc98\" data-element_type=\"widget\" data-widget_type=\"image.default\">\n\t\t\t\t<div class=\"elementor-widget-container\">\n\t\t\t\t\t\t\t\t\t\t\t\t\t<img decoding=\"async\" src=\"https:\/\/unadp.ac.pa\/wp-content\/uploads\/2021\/06\/1_DSC0528-scaled.jpg\" title=\"1_DSC0528\" alt=\"1_DSC0528\" loading=\"lazy\" \/>\t\t\t\t\t\t\t\t\t\t\t\t\t<\/div>\n\t\t\t\t<\/div>\n\t\t\t\t\t<\/div>\n\t\t<\/div>\n\t\t\t\t\t<\/div>\n\t\t<\/section>\n\t\t\t\t<section class=\"elementor-section elementor-top-section elementor-element elementor-element-8b2394d elementor-section-boxed elementor-section-height-default elementor-section-height-default\" data-id=\"8b2394d\" data-element_type=\"section\">\n\t\t\t\t\t\t<div class=\"elementor-container elementor-column-gap-default\">\n\t\t\t\t\t<div class=\"elementor-column elementor-col-50 elementor-top-column elementor-element elementor-element-d5ee7e8\" data-id=\"d5ee7e8\" data-element_type=\"column\">\n\t\t\t<div class=\"elementor-widget-wrap elementor-element-populated\">\n\t\t\t\t\t\t<div class=\"elementor-element elementor-element-be76679 elementor-widget elementor-widget-image\" data-id=\"be76679\" data-element_type=\"widget\" data-widget_type=\"image.default\">\n\t\t\t\t<div class=\"elementor-widget-container\">\n\t\t\t\t\t\t\t\t\t\t\t\t\t<img loading=\"lazy\" decoding=\"async\" width=\"744\" height=\"1024\" src=\"https:\/\/unadp.ac.pa\/wp-content\/uploads\/2021\/06\/re1.jpg\" class=\"attachment-large size-large wp-image-3232\" alt=\"\" srcset=\"https:\/\/unadp.ac.pa\/wp-content\/uploads\/2021\/06\/re1.jpg 744w, https:\/\/unadp.ac.pa\/wp-content\/uploads\/2021\/06\/re1-218x300.jpg 218w, https:\/\/unadp.ac.pa\/wp-content\/uploads\/2021\/06\/re1-600x826.jpg 600w\" sizes=\"(max-width: 744px) 100vw, 744px\" \/>\t\t\t\t\t\t\t\t\t\t\t\t\t<\/div>\n\t\t\t\t<\/div>\n\t\t\t\t\t<\/div>\n\t\t<\/div>\n\t\t\t\t<div class=\"elementor-column elementor-col-50 elementor-top-column elementor-element elementor-element-de97e2d\" data-id=\"de97e2d\" data-element_type=\"column\">\n\t\t\t<div class=\"elementor-widget-wrap elementor-element-populated\">\n\t\t\t\t\t\t<div class=\"elementor-element elementor-element-1aa57e9 elementor-widget elementor-widget-image\" data-id=\"1aa57e9\" data-element_type=\"widget\" data-widget_type=\"image.default\">\n\t\t\t\t<div class=\"elementor-widget-container\">\n\t\t\t\t\t\t\t\t\t\t\t\t\t<img loading=\"lazy\" decoding=\"async\" width=\"744\" height=\"1024\" src=\"https:\/\/unadp.ac.pa\/wp-content\/uploads\/2021\/06\/re2.jpg\" class=\"attachment-large size-large wp-image-3233\" alt=\"\" srcset=\"https:\/\/unadp.ac.pa\/wp-content\/uploads\/2021\/06\/re2.jpg 744w, https:\/\/unadp.ac.pa\/wp-content\/uploads\/2021\/06\/re2-218x300.jpg 218w, https:\/\/unadp.ac.pa\/wp-content\/uploads\/2021\/06\/re2-600x826.jpg 600w\" sizes=\"(max-width: 744px) 100vw, 744px\" \/>\t\t\t\t\t\t\t\t\t\t\t\t\t<\/div>\n\t\t\t\t<\/div>\n\t\t\t\t\t<\/div>\n\t\t<\/div>\n\t\t\t\t\t<\/div>\n\t\t<\/section>\n\t\t\t\t<\/div>\n\t\t","protected":false},"excerpt":{"rendered":"<p>Acreditaci\u00f3n La calidad de los servicios educativos que oferta la Universidad Abierta y a Distancia de Panam\u00e1 (UNADP) son autoevaluados a trav\u00e9s de la Unidad T\u00e9cnica de Evaluaci\u00f3n y Calidad (UTEC). La UTEC Unidad encargada de conducir todo el proceso de autoevaluaci\u00f3n institucional y acad\u00e9mica de la UNADP. \u00a0Promover y apropiarse de una cultura de [&hellip;]<\/p>\n","protected":false},"author":1,"featured_media":0,"parent":0,"menu_order":0,"comment_status":"closed","ping_status":"closed","template":"","meta":{"site-sidebar-layout":"no-sidebar","site-content-layout":"page-builder","ast-site-content-layout":"","site-content-style":"default","site-sidebar-style":"default","ast-global-header-display":"","ast-banner-title-visibility":"","ast-main-header-display":"","ast-hfb-above-header-display":"","ast-hfb-below-header-display":"","ast-hfb-mobile-header-display":"","site-post-title":"disabled","ast-breadcrumbs-content":"","ast-featured-img":"disabled","footer-sml-layout":"","theme-transparent-header-meta":"default","adv-header-id-meta":"","stick-header-meta":"","header-above-stick-meta":"","header-main-stick-meta":"","header-below-stick-meta":"","astra-migrate-meta-layouts":"default","ast-page-background-enabled":"default","ast-page-background-meta":{"desktop":{"background-color":"var(--ast-global-color-4)","background-image":"","background-repeat":"repeat","background-position":"center center","background-size":"auto","background-attachment":"scroll","background-type":"","background-media":"","overlay-type":"","overlay-color":"","overlay-opacity":"","overlay-gradient":""},"tablet":{"background-color":"","background-image":"","background-repeat":"repeat","background-position":"center center","background-size":"auto","background-attachment":"scroll","background-type":"","background-media":"","overlay-type":"","overlay-color":"","overlay-opacity":"","overlay-gradient":""},"mobile":{"background-color":"","background-image":"","background-repeat":"repeat","background-position":"center center","background-size":"auto","background-attachment":"scroll","background-type":"","background-media":"","overlay-type":"","overlay-color":"","overlay-opacity":"","overlay-gradient":""}},"ast-content-background-meta":{"desktop":{"background-color":"var(--ast-global-color-5)","background-image":"","background-repeat":"repeat","background-position":"center center","background-size":"auto","background-attachment":"scroll","background-type":"","background-media":"","overlay-type":"","overlay-color":"","overlay-opacity":"","overlay-gradient":""},"tablet":{"background-color":"var(--ast-global-color-5)","background-image":"","background-repeat":"repeat","background-position":"center center","background-size":"auto","background-attachment":"scroll","background-type":"","background-media":"","overlay-type":"","overlay-color":"","overlay-opacity":"","overlay-gradient":""},"mobile":{"background-color":"var(--ast-global-color-5)","background-image":"","background-repeat":"repeat","background-position":"center center","background-size":"auto","background-attachment":"scroll","background-type":"","background-media":"","overlay-type":"","overlay-color":"","overlay-opacity":"","overlay-gradient":""}},"footnotes":""},"class_list":["post-2818","page","type-page","status-publish","hentry"],"_links":{"self":[{"href":"https:\/\/unadp.ac.pa\/index.php?rest_route=\/wp\/v2\/pages\/2818"}],"collection":[{"href":"https:\/\/unadp.ac.pa\/index.php?rest_route=\/wp\/v2\/pages"}],"about":[{"href":"https:\/\/unadp.ac.pa\/index.php?rest_route=\/wp\/v2\/types\/page"}],"author":[{"embeddable":true,"href":"https:\/\/unadp.ac.pa\/index.php?rest_route=\/wp\/v2\/users\/1"}],"replies":[{"embeddable":true,"href":"https:\/\/unadp.ac.pa\/index.php?rest_route=%2Fwp%2Fv2%2Fcomments&post=2818"}],"version-history":[{"count":25,"href":"https:\/\/unadp.ac.pa\/index.php?rest_route=\/wp\/v2\/pages\/2818\/revisions"}],"predecessor-version":[{"id":3371,"href":"https:\/\/unadp.ac.pa\/index.php?rest_route=\/wp\/v2\/pages\/2818\/revisions\/3371"}],"wp:attachment":[{"href":"https:\/\/unadp.ac.pa\/index.php?rest_route=%2Fwp%2Fv2%2Fmedia&parent=2818"}],"curies":[{"name":"wp","href":"https:\/\/api.w.org\/{rel}","templated":true}]}}