{"id":4000,"date":"2024-06-24T17:33:38","date_gmt":"2024-06-24T22:33:38","guid":{"rendered":"https:\/\/unadp.ac.pa\/?page_id=4000"},"modified":"2024-06-24T17:41:00","modified_gmt":"2024-06-24T22:41:00","slug":"convenios-y-alianzas","status":"publish","type":"page","link":"https:\/\/unadp.ac.pa\/?page_id=4000","title":{"rendered":"Convenios y Alianzas"},"content":{"rendered":"\t\t<div data-elementor-type=\"wp-page\" data-elementor-id=\"4000\" class=\"elementor elementor-4000\">\n\t\t\t\t\t\t<section class=\"elementor-section elementor-top-section elementor-element elementor-element-3a6d803 elementor-section-boxed elementor-section-height-default elementor-section-height-default\" data-id=\"3a6d803\" data-element_type=\"section\">\n\t\t\t\t\t\t<div class=\"elementor-container elementor-column-gap-default\">\n\t\t\t\t\t<div class=\"elementor-column elementor-col-100 elementor-top-column elementor-element elementor-element-f0d4775\" data-id=\"f0d4775\" data-element_type=\"column\">\n\t\t\t<div class=\"elementor-widget-wrap elementor-element-populated\">\n\t\t\t\t\t\t<div class=\"elementor-element elementor-element-34e24ff elementor-widget elementor-widget-heading\" data-id=\"34e24ff\" data-element_type=\"widget\" data-widget_type=\"heading.default\">\n\t\t\t\t<div class=\"elementor-widget-container\">\n\t\t\t<h2 class=\"elementor-heading-title elementor-size-default\">Convenios y Alianzas<\/h2>\t\t<\/div>\n\t\t\t\t<\/div>\n\t\t\t\t\t<\/div>\n\t\t<\/div>\n\t\t\t\t\t<\/div>\n\t\t<\/section>\n\t\t\t\t<section class=\"elementor-section elementor-top-section elementor-element elementor-element-5676ab2 elementor-section-boxed elementor-section-height-default elementor-section-height-default\" data-id=\"5676ab2\" data-element_type=\"section\">\n\t\t\t\t\t\t<div class=\"elementor-container elementor-column-gap-default\">\n\t\t\t\t\t<div class=\"elementor-column elementor-col-100 elementor-top-column elementor-element elementor-element-d8c7cd7\" data-id=\"d8c7cd7\" data-element_type=\"column\">\n\t\t\t<div class=\"elementor-widget-wrap elementor-element-populated\">\n\t\t\t\t\t\t<div class=\"elementor-element elementor-element-a6e6be5 elementor-widget elementor-widget-text-editor\" data-id=\"a6e6be5\" data-element_type=\"widget\" data-widget_type=\"text-editor.default\">\n\t\t\t\t<div class=\"elementor-widget-container\">\n\t\t\t\t\t\t\t<h3 class=\"western\"><span lang=\"es-MX\"><b>Nacionales <\/b><\/span><\/h3><ul><li><p><span lang=\"es-MX\"><b>Comit\u00e9 de cuenca hidrogr\u00e1fica de Rio Grande y Rio de Ant\u00f3n<\/b><\/span><\/p><\/li><li><p><span lang=\"es-MX\"><b>COOPEVE<\/b><\/span><\/p><\/li><li><p><span lang=\"es-MX\"><b>Cooperativa De Ahorro Y Cr\u00e9ditos Magisterio Paname\u00f1o Unido<\/b><\/span><\/p><\/li><li><p><span lang=\"es-MX\"><b>COOPEDUC<\/b><\/span><\/p><\/li><li><p><span lang=\"es-MX\"><b>FOCREDUC<\/b><\/span><\/p><\/li><li><p><span lang=\"es-MX\"><b>Hospital del Ni\u00f1o<\/b><\/span><\/p><\/li><li><p><span lang=\"es-MX\"><b>Cooperativa Agropecuaria de Servicios m\u00faltiples el Progreso, R.L.<\/b><\/span><\/p><\/li><li><p><span lang=\"es-MX\"><b>COOPERATIVA DE SERVICIOS M\u00daLTIPLES SAN ANTONIO, R.L., (CACSA, R.L.)<\/b><\/span><\/p><\/li><li><p><span lang=\"es-MX\"><b>Mi Bus<\/b><\/span><\/p><\/li><li><p><span lang=\"es-MX\"><b>Grupo Rey <\/b><\/span><\/p><\/li><li><p><span lang=\"es-MX\"><b>CATHALAC<\/b><\/span><\/p><\/li><li><p><span lang=\"es-MX\"><b>MiAmbiente<\/b><\/span><\/p><\/li><li><p><span lang=\"es-MX\"><b>Integra School<\/b><\/span><\/p><\/li><li><p><span lang=\"es-MX\"><b>ANREH -Asociaci\u00f3n Nacional de Profesionales de RRHH de Panam\u00e1<\/b><\/span><\/p><\/li><li><p><span lang=\"es-MX\"><b>Colegio de Contadores P\u00fablicos Autorizados de Panam\u00e1<\/b><\/span><\/p><\/li><\/ul><h3 class=\"western\"><span lang=\"es-MX\"><b>Internacionales<\/b><\/span><\/h3><ul><li><p><span lang=\"es-MX\"><b>AIESAD <\/b><\/span><\/p><\/li><li><p><span lang=\"es-MX\"><b>Universidad Santo Tomas (Colombia)<\/b><\/span><\/p><\/li><li><p><span lang=\"es-MX\"><b>CREAD <\/b><\/span><\/p><\/li><\/ul>\t\t\t\t\t\t<\/div>\n\t\t\t\t<\/div>\n\t\t\t\t\t<\/div>\n\t\t<\/div>\n\t\t\t\t\t<\/div>\n\t\t<\/section>\n\t\t\t\t<\/div>\n\t\t","protected":false},"excerpt":{"rendered":"<p>Convenios y Alianzas Nacionales Comit\u00e9 de cuenca hidrogr\u00e1fica de Rio Grande y Rio de Ant\u00f3n COOPEVE Cooperativa De Ahorro Y Cr\u00e9ditos Magisterio Paname\u00f1o Unido COOPEDUC FOCREDUC Hospital del Ni\u00f1o Cooperativa Agropecuaria de Servicios m\u00faltiples el Progreso, R.L. COOPERATIVA DE SERVICIOS M\u00daLTIPLES SAN ANTONIO, R.L., (CACSA, R.L.) Mi Bus Grupo Rey CATHALAC MiAmbiente Integra School ANREH [&hellip;]<\/p>\n","protected":false},"author":1,"featured_media":0,"parent":0,"menu_order":0,"comment_status":"closed","ping_status":"closed","template":"","meta":{"site-sidebar-layout":"no-sidebar","site-content-layout":"page-builder","ast-site-content-layout":"","site-content-style":"default","site-sidebar-style":"default","ast-global-header-display":"","ast-banner-title-visibility":"","ast-main-header-display":"","ast-hfb-above-header-display":"","ast-hfb-below-header-display":"","ast-hfb-mobile-header-display":"","site-post-title":"disabled","ast-breadcrumbs-content":"","ast-featured-img":"disabled","footer-sml-layout":"","theme-transparent-header-meta":"default","adv-header-id-meta":"","stick-header-meta":"","header-above-stick-meta":"","header-main-stick-meta":"","header-below-stick-meta":"","astra-migrate-meta-layouts":"default","ast-page-background-enabled":"default","ast-page-background-meta":{"desktop":{"background-color":"var(--ast-global-color-4)","background-image":"","background-repeat":"repeat","background-position":"center center","background-size":"auto","background-attachment":"scroll","background-type":"","background-media":"","overlay-type":"","overlay-color":"","overlay-opacity":"","overlay-gradient":""},"tablet":{"background-color":"","background-image":"","background-repeat":"repeat","background-position":"center center","background-size":"auto","background-attachment":"scroll","background-type":"","background-media":"","overlay-type":"","overlay-color":"","overlay-opacity":"","overlay-gradient":""},"mobile":{"background-color":"","background-image":"","background-repeat":"repeat","background-position":"center center","background-size":"auto","background-attachment":"scroll","background-type":"","background-media":"","overlay-type":"","overlay-color":"","overlay-opacity":"","overlay-gradient":""}},"ast-content-background-meta":{"desktop":{"background-color":"var(--ast-global-color-5)","background-image":"","background-repeat":"repeat","background-position":"center center","background-size":"auto","background-attachment":"scroll","background-type":"","background-media":"","overlay-type":"","overlay-color":"","overlay-opacity":"","overlay-gradient":""},"tablet":{"background-color":"var(--ast-global-color-5)","background-image":"","background-repeat":"repeat","background-position":"center center","background-size":"auto","background-attachment":"scroll","background-type":"","background-media":"","overlay-type":"","overlay-color":"","overlay-opacity":"","overlay-gradient":""},"mobile":{"background-color":"var(--ast-global-color-5)","background-image":"","background-repeat":"repeat","background-position":"center center","background-size":"auto","background-attachment":"scroll","background-type":"","background-media":"","overlay-type":"","overlay-color":"","overlay-opacity":"","overlay-gradient":""}},"footnotes":""},"class_list":["post-4000","page","type-page","status-publish","hentry"],"_links":{"self":[{"href":"https:\/\/unadp.ac.pa\/index.php?rest_route=\/wp\/v2\/pages\/4000"}],"collection":[{"href":"https:\/\/unadp.ac.pa\/index.php?rest_route=\/wp\/v2\/pages"}],"about":[{"href":"https:\/\/unadp.ac.pa\/index.php?rest_route=\/wp\/v2\/types\/page"}],"author":[{"embeddable":true,"href":"https:\/\/unadp.ac.pa\/index.php?rest_route=\/wp\/v2\/users\/1"}],"replies":[{"embeddable":true,"href":"https:\/\/unadp.ac.pa\/index.php?rest_route=%2Fwp%2Fv2%2Fcomments&post=4000"}],"version-history":[{"count":4,"href":"https:\/\/unadp.ac.pa\/index.php?rest_route=\/wp\/v2\/pages\/4000\/revisions"}],"predecessor-version":[{"id":4006,"href":"https:\/\/unadp.ac.pa\/index.php?rest_route=\/wp\/v2\/pages\/4000\/revisions\/4006"}],"wp:attachment":[{"href":"https:\/\/unadp.ac.pa\/index.php?rest_route=%2Fwp%2Fv2%2Fmedia&parent=4000"}],"curies":[{"name":"wp","href":"https:\/\/api.w.org\/{rel}","templated":true}]}}